{"id":1692,"date":"2020-10-29T22:41:20","date_gmt":"2020-10-29T21:41:20","guid":{"rendered":"https:\/\/nivalgroup.com\/sito2021\/warum-nival\/flessibilita-gestionale\/"},"modified":"2020-11-16T21:18:41","modified_gmt":"2020-11-16T20:18:41","slug":"unternehmerische-flexibilitaet","status":"publish","type":"page","link":"https:\/\/www.nivalgroup.com\/de\/warum-nival\/unternehmerische-flexibilitaet\/","title":{"rendered":"Unternehmerische Flexibilit\u00e4t"},"content":{"rendered":"<p><span style=\"font-weight: 400;\">Unsere <\/span><b>speziell f\u00fcr jede T\u00e4tigkeit geschulten<\/b><span style=\"font-weight: 400;\"> Mitarbeiter sind eine ideale Ressource, um Produktionsspitzen zu bew\u00e4ltigen.<\/span><\/p>\n<p><span style=\"font-weight: 400;\">Anhand der Informationen zum Produktionsprogramm <\/span><b>w\u00e4hlen wir ein Team aus Fachleuten<\/b><span style=\"font-weight: 400;\">, das mit der Dienstleistung betraut wird.<\/span><\/p>\n<p><span style=\"font-weight: 400;\">Jeder Mitarbeiter wird dann gem\u00e4\u00df <\/span><b>speziellen Protokollen<\/b><span style=\"font-weight: 400;\"> geschult, damit die Arbeiten einwandfrei bei minimaler Fehlermarge ausgef\u00fchrt werden.<\/span><\/p>\n<p><span style=\"font-weight: 400;\">Die Schichten werden stets von denselben Arbeitstrupps ausgef\u00fchrt, um das projektbezogene <\/span><b>Know-how zu bewahren<\/b><span style=\"font-weight: 400;\"> und maximale Produktivit\u00e4t zu gew\u00e4hrleisten.<\/span><\/p>\n<p><b>Nur so viel Personal wie n\u00f6tig<\/b><span style=\"font-weight: 400;\">, ausgestattet mit allen PSA, Ger\u00e4ten und Maschinen f\u00fcr die t\u00e4gliche Bew\u00e4ltigung der Produktionsaufgaben.\u00a0<\/span><\/p>\n","protected":false},"excerpt":{"rendered":"<p>Unsere speziell f\u00fcr jede T\u00e4tigkeit geschulten Mitarbeiter sind eine ideale Ressource, um Produktionsspitzen zu bew\u00e4ltigen. Anhand der Informationen zum Produktionsprogramm w\u00e4hlen wir ein Team aus Fachleuten, das mit der Dienstleistung betraut wird. Jeder Mitarbeiter wird dann gem\u00e4\u00df speziellen Protokollen geschult,&hellip;<\/p>\n","protected":false},"author":2,"featured_media":0,"parent":709,"menu_order":0,"comment_status":"closed","ping_status":"closed","template":"template-perche-v2.php","meta":{"_acf_changed":false,"footnotes":""},"class_list":["post-1692","page","type-page","status-publish","hentry","entry","no-media"],"acf":[],"_links":{"self":[{"href":"https:\/\/www.nivalgroup.com\/de\/wp-json\/wp\/v2\/pages\/1692","targetHints":{"allow":["GET"]}}],"collection":[{"href":"https:\/\/www.nivalgroup.com\/de\/wp-json\/wp\/v2\/pages"}],"about":[{"href":"https:\/\/www.nivalgroup.com\/de\/wp-json\/wp\/v2\/types\/page"}],"author":[{"embeddable":true,"href":"https:\/\/www.nivalgroup.com\/de\/wp-json\/wp\/v2\/users\/2"}],"replies":[{"embeddable":true,"href":"https:\/\/www.nivalgroup.com\/de\/wp-json\/wp\/v2\/comments?post=1692"}],"version-history":[{"count":0,"href":"https:\/\/www.nivalgroup.com\/de\/wp-json\/wp\/v2\/pages\/1692\/revisions"}],"up":[{"embeddable":true,"href":"https:\/\/www.nivalgroup.com\/de\/wp-json\/wp\/v2\/pages\/709"}],"wp:attachment":[{"href":"https:\/\/www.nivalgroup.com\/de\/wp-json\/wp\/v2\/media?parent=1692"}],"curies":[{"name":"wp","href":"https:\/\/api.w.org\/{rel}","templated":true}]}}