{"id":2269,"date":"2018-09-06T11:02:53","date_gmt":"2018-09-06T09:02:53","guid":{"rendered":"https:\/\/www.nivalgroup.com\/privacy-policy\/"},"modified":"2024-05-23T10:13:11","modified_gmt":"2024-05-23T08:13:11","slug":"privacy-policy","status":"publish","type":"page","link":"https:\/\/www.nivalgroup.com\/de\/privacy-policy\/","title":{"rendered":"Privacy Policy"},"content":{"rendered":"<section class=\"vc-row\">\n<div class=\"vc-column\">\n<div id=\"wpwrap\">\n<div id=\"adminmenumain\" role=\"navigation\" aria-label=\"Menu principale\">\n<p><strong>DATENSCHUTZ- UND COOKIE-RICHTLINIE<\/strong><\/p>\n<p>Durch diese \u201eDatenschutz- und Cookie-Richtlinie\u201c m\u00f6chte NI.VAL. GROUP SERVICE Srl als Datenverantwortlicher (im Folgenden \u201eVerantwortlicher\u201c) die Verwaltung der personenbezogenen Daten der Nutzer dieser Website gem\u00e4\u00df der EU-Verordnung 2016\/679 zum Datenschutz (General Data Protection Regulation oder GDPR) beschreiben.<\/p>\n<p>Die nachfolgenden Hinweise sind als Information gem\u00e4\u00df Artikel 13 der DSGVO f\u00fcr diejenigen, die mit der Website interagieren, zu verstehen und entsprechen der Empfehlung Nr. 2\/2001 zu den Mindestanforderungen f\u00fcr die Online-Datenerhebung in der Europ\u00e4ischen Union, die am 17. Mai 2001 von der Artikel-29-Datenschutzgruppe angenommen wurde. Diese Richtlinie gilt nicht f\u00fcr andere Websites, die m\u00f6glicherweise \u00fcber auf dieser Website vorhandene Links zug\u00e4nglich sind und f\u00fcr die der Verantwortliche keinerlei Verantwortung \u00fcbernimmt.<\/p>\n<p><strong>Kontaktdaten des Verantwortlichen<\/strong> Der Datenverantwortliche ist NI.VAL. GROUP SERVICE Srl mit Sitz in Via F. Garofoli 233 \u2013 37057 S. Giovanni Lupatoto (VR).<\/p>\n<p><strong>Datenschutzbeauftragter<\/strong> Der Datenschutzbeauftragte ist APTA Servizi Professionali Srl, Via F. Brindisi 32 \u2013 65017 Penne (PE), vertreten durch Dr. Ing. Massimo Forestiero, der per E-Mail unter <a target=\"_new\" rel=\"noreferrer noopener\">dpo@nivalgroup.com<\/a> erreichbar ist.<\/p>\n<p><strong>Haftungsbeschr\u00e4nkungen<\/strong> Der Verantwortliche kann in keiner Weise f\u00fcr Sch\u00e4den jeglicher Art verantwortlich gemacht werden, die direkt oder indirekt durch den Zugriff auf die Website, die Unf\u00e4higkeit oder Unm\u00f6glichkeit des Zugriffs darauf und die Verwendung der darin enthaltenen Informationen verursacht werden. Links zu externen Websites werden als einfacher Service f\u00fcr Benutzer bereitgestellt, ohne dass eine Verantwortung f\u00fcr die Richtigkeit und Vollst\u00e4ndigkeit der verlinkten Inhalte \u00fcbernommen wird. Der Verantwortliche beh\u00e4lt sich au\u00dferdem das Recht vor, den Inhalt der Website ganz oder teilweise zu \u00e4ndern oder einfach zu aktualisieren, auch aufgrund von \u00c4nderungen der geltenden Vorschriften. Das Datum der letzten Aktualisierung ist unten angegeben.<\/p>\n<p><strong>Verarbeitungsmethoden<\/strong> Die \u00fcber diese Website gesammelten personenbezogenen Daten werden ausschlie\u00dflich zur Erreichung explizit und rechtm\u00e4\u00dfig festgelegter Zwecke mit automatisierten Mitteln in einer f\u00fcr die betroffene Person korrekten und transparenten Weise verarbeitet und \u00fcberschreiten nicht die Zwecke, f\u00fcr die sie gesammelt werden. Ihre Minimierung (Angemessenheit, Relevanz und Begrenzung in Bezug auf die Zwecke, f\u00fcr die sie verarbeitet werden), ihre Richtigkeit und ihre Vertraulichkeit werden gew\u00e4hrleistet.<\/p>\n<p>Um eine angemessene Sicherheit und den Schutz der vom Nutzer bereitgestellten personenbezogenen Daten zu gew\u00e4hrleisten und deren Verlust, Diebstahl, auch versehentlich, sowie deren missbr\u00e4uchliche Verwendung zu verhindern, hat der Verantwortliche technische und organisatorische Ma\u00dfnahmen ergriffen, die \u00fcberwacht und bei Bedarf aktualisiert werden.<\/p>\n<p><strong>Arten der verarbeiteten Daten<\/strong> <strong>Vom Nutzer bereitgestellte Daten<\/strong> Die Website dient dazu, den Nutzern verschiedene Informationen \u00fcber die Aktivit\u00e4ten des Verantwortlichen bereitzustellen. Der Nutzer hat au\u00dferdem die M\u00f6glichkeit, den Verantwortlichen zu kontaktieren: \u00dcber den Link \u201eARBEITE MIT UNS\u201c ist es m\u00f6glich, den eigenen Lebenslauf nach Eingabe von Vorname, Nachname, E-Mail-Adresse und der gew\u00fcnschten Position (Pflichtdaten) sowie optional ein Anschreiben in einem Freitextfeld zu senden. Bez\u00fcglich der von Dritten im \u201eAnschreiben\u201c-Feld und in den beigef\u00fcgten Dokumenten eingetragenen Daten wird davon ausgegangen, dass der Nutzer ausdr\u00fccklich autorisiert wurde, diese anzugeben, und daher als eigenst\u00e4ndiger Datenverantwortlicher handelt und alle gesetzlichen Verpflichtungen und Verantwortlichkeiten \u00fcbernimmt und den Verantwortlichen von jeglichen Anspr\u00fcchen, Forderungen oder Schadensersatzanspr\u00fcchen freistellt, die daraus entstehen k\u00f6nnten. Jegliche Verantwortung f\u00fcr die Angabe falscher, unwahrer Informationen oder Informationen, die nicht in gutem Glauben gemacht wurden, liegt vollst\u00e4ndig bei der Person, die sie angegeben hat.<\/p>\n<p><strong>Navigationsdaten<\/strong> Die IT-Systeme und Softwareverfahren, die f\u00fcr den Betrieb dieser Website verwendet werden, erfassen w\u00e4hrend ihres normalen Betriebs einige personenbezogene Daten, deren \u00dcbertragung in den Kommunikationsprotokollen des Internets impliziert ist.<\/p>\n<p>Diese Informationen werden nicht gesammelt, um identifizierten betroffenen Personen zugeordnet zu werden, k\u00f6nnten jedoch durch Verarbeitung und Verkn\u00fcpfung mit Daten Dritter eine Identifizierung der Nutzer erm\u00f6glichen.<\/p>\n<p>Zu dieser Datenkategorie geh\u00f6ren IP-Adressen oder Domainnamen der Computer, die von Nutzern verwendet werden, die sich mit der Website verbinden, die Adressen in URL-Notation (Uniform Resource Locator) der angeforderten Ressourcen, die Uhrzeit der Anfrage, die Methode, die zur \u00dcbermittlung der Anfrage an den Server verwendet wurde, die Gr\u00f6\u00dfe der als Antwort erhaltenen Datei, der numerische Code, der den Status der vom Server gegebenen Antwort angibt (Erfolg, Fehler usw.) und andere Parameter im Zusammenhang mit dem Betriebssystem und der IT-Umgebung des Nutzers. Diese Daten werden ausschlie\u00dflich dazu verwendet, anonyme statistische Informationen \u00fcber die Nutzung der Website zu erhalten und deren ordnungsgem\u00e4\u00dfen Betrieb zu \u00fcberpr\u00fcfen. Da es nicht m\u00f6glich ist, die betroffene Person zu identifizieren, stellt diese T\u00e4tigkeit keine Verarbeitung personenbezogener Daten dar.<\/p>\n<p><strong>Cookies<\/strong> Jedes Mal, wenn der Nutzer auf diese Website zugreift, akzeptiert er die nachfolgend beschriebene Verwendung von Cookies. Cookies sind kurze Textst\u00fccke (Buchstaben und\/oder Zahlen), die es dem Webserver erm\u00f6glichen, auf dem Client (dem Browser, z.B. Internet Explorer, Chrome, Firefox, Opera&#8230;) Informationen zu speichern, die w\u00e4hrend desselben Besuchs auf der Website (Sitzungscookies) oder sp\u00e4ter, auch Tage sp\u00e4ter (persistente Cookies), wiederverwendet werden k\u00f6nnen. Sie sind ein wesentlicher Bestandteil des Betriebs unserer Website: Ihr Hauptziel ist die Verbesserung der Benutzererfahrung. Beispielsweise helfen System-Cookies, sich w\u00e4hrend der Navigation und bei zuk\u00fcnftigen Besuchen die Pr\u00e4ferenzen des einzelnen Nutzers (Sprache, Land usw.) zu merken. Andere Cookies erm\u00f6glichen es uns, Informationen zu sammeln, um unsere Website zu verbessern, indem sie sie an die individuellen Interessen der Nutzer anpassen oder Suchvorg\u00e4nge beschleunigen.<\/p>\n<p>Cookies werden basierend auf den Pr\u00e4ferenzen des Nutzers vom jeweiligen Browser auf dem spezifischen verwendeten Ger\u00e4t (Computer, Tablet, Smartphone) gespeichert.<\/p>\n<p><strong>Arten von Cookies<\/strong> Je nach den Eigenschaften und der Verwendung der Cookies k\u00f6nnen wir verschiedene Kategorien unterscheiden:<\/p>\n<ul>\n<li><strong>Unbedingt erforderliche Cookies:<\/strong> Diese sind unerl\u00e4sslich f\u00fcr das ordnungsgem\u00e4\u00dfe Funktionieren der Website und werden verwendet, um verschiedene mit Websites verbundene Dienste zu verwalten (z.B. ein Login oder den Zugriff auf gesch\u00fctzte Funktionen). Die Dauer dieser Cookies ist streng auf die Arbeitssitzung begrenzt, oder sie k\u00f6nnen eine l\u00e4ngere Dauer haben, um die Besucherwahl zu speichern. Das Deaktivieren der unbedingt erforderlichen Cookies kann die Benutzererfahrung und Navigation der Website beeintr\u00e4chtigen.<\/li>\n<li><strong>Analytische Cookies:<\/strong> Diese werden verwendet, um den Website-Traffic und die Nutzung anonym zu sammeln und zu analysieren. Diese Cookies erm\u00f6glichen es, ohne den Nutzer zu identifizieren, z.B. festzustellen, ob derselbe Nutzer zu verschiedenen Zeiten zur\u00fcckkehrt. Sie erm\u00f6glichen es auch, das System zu \u00fcberwachen und dessen Leistung und Benutzerfreundlichkeit zu verbessern. Das Deaktivieren dieser Cookies kann ohne Funktionsverlust erfolgen und wird sp\u00e4ter im Detail behandelt.<\/li>\n<li><strong>Profiling-Cookies:<\/strong> Dies sind dauerhafte Cookies, die verwendet werden, um (anonym und nicht anonym) die Pr\u00e4ferenzen des Nutzers zu identifizieren und die Navigationserfahrung zu verbessern. F\u00fcr weitere Informationen zu diesen Cookies, die nicht von der Website verwendet werden, besuchen Sie bitte den speziellen Abschnitt auf <a href=\"http:\/\/www.garanteprivacy.it\/cookie\" target=\"_new\" rel=\"noreferrer noopener\">www.garanteprivacy.it\/cookie<\/a><\/li>\n<\/ul>\n<p>Diese Website verwendet die folgenden Cookies, die f\u00fcr das ordnungsgem\u00e4\u00dfe Funktionieren der Website erforderlich sind:<\/p>\n<ul>\n<li>\n<p><strong>Typ:<\/strong> Technische Cookies<\/p>\n<\/li>\n<li>\n<p><strong>Technischer Name:<\/strong> CookieLawInfoConsent<\/p>\n<\/li>\n<li>\n<p><strong>Ablauf:<\/strong> 365 Tage<\/p>\n<\/li>\n<li>\n<p><strong>Zweck:<\/strong> Speichert die Zustimmung zur Verwendung von Cookies<\/p>\n<\/li>\n<li>\n<p><strong>Technischer Name:<\/strong> viewed_cookie_policy<\/p>\n<\/li>\n<li>\n<p><strong>Ablauf:<\/strong> 365 Tage<\/p>\n<\/li>\n<li>\n<p><strong>Zweck:<\/strong> Speichert das Lesen der Cookie-Richtlinie<\/p>\n<\/li>\n<li>\n<p><strong>Technischer Name:<\/strong> cookielawinfo-checkbox-necessary<\/p>\n<\/li>\n<li>\n<p><strong>Ablauf:<\/strong> 365 Tage<\/p>\n<\/li>\n<li>\n<p><strong>Zweck:<\/strong> Cookie, das zur Nachverfolgung der Annahme notwendiger Cookies verwendet wird<\/p>\n<\/li>\n<li>\n<p><strong>Technischer Name:<\/strong> cookielawinfo-checkbox-non-necessary<\/p>\n<\/li>\n<li>\n<p><strong>Ablauf:<\/strong> 365 Tage<\/p>\n<\/li>\n<li>\n<p><strong>Zweck:<\/strong> Cookie, das zur Nachverfolgung der Annahme nicht notwendiger Cookies verwendet wird<\/p>\n<\/li>\n<\/ul>\n<p>Die meisten Browser akzeptieren Cookies automatisch, aber es ist m\u00f6glich, die Einstellungen zu \u00e4ndern, um Cookies zu l\u00f6schen oder ihre automatische Annahme zu verhindern. Die folgenden Links erkl\u00e4ren, wie Sie Cookies mit verschiedenen Browsertypen steuern k\u00f6nnen. Diese Wahl gilt f\u00fcr alle besuchten Websites:<\/p>\n<ul>\n<li>Internet Explorer: <a href=\"https:\/\/support.microsoft.com\/en-us\/kb\/278835\/it\" target=\"_new\" rel=\"noreferrer noopener\">support.microsoft.com<\/a><\/li>\n<li>Chrome: <a href=\"https:\/\/support.google.com\/chrome\/answer\/95647?hl=it\" target=\"_new\" rel=\"noreferrer noopener\">support.google.com<\/a><\/li>\n<li>Firefox: <a href=\"https:\/\/support.mozilla.org\/it\/kb\/Attivare%20e%20disattivare%20i%20cookie?redirectlocale=en-US&amp;redirectslug=Enabling+and+disabling+cookies\" target=\"_new\" rel=\"noreferrer noopener\">support.mozilla.org<\/a><\/li>\n<li>Safari: <a href=\"https:\/\/support.apple.com\/it-it\/HT201265\" target=\"_new\" rel=\"noreferrer noopener\">support.apple.com<\/a><\/li>\n<li>Android: <a href=\"http:\/\/support.google.com\/mobile\/bin\/answer.py?hl=en&amp;answer=169022\" target=\"_new\" rel=\"noreferrer noopener\">support.google.com<\/a><\/li>\n<\/ul>\n<p><strong>Rechtsgrundlage der Verarbeitung<\/strong> Die Rechtsgrundlage f\u00fcr die Verarbeitung der \u00fcber diese Website erfassten Daten ist:<\/p>\n<ul>\n<li>Das berechtigte Interesse des Verantwortlichen in Bezug auf Navigationsdaten;<\/li>\n<li>Die Durchf\u00fchrung vorvertraglicher Ma\u00dfnahmen, die auf Anfrage der betroffenen Person (Art. 6.1.b DSGVO) ergriffen wurden, in Bezug auf die in der Rubrik \u201eARBEITE MIT UNS\u201c eingegebenen Daten.<\/li>\n<\/ul>\n<p><strong>Personen oder Kategorien von Personen, denen die Daten mitgeteilt werden k\u00f6nnen<\/strong> Die personenbezogenen Daten k\u00f6nnen geteilt werden mit:<\/p>\n<ul>\n<li>Personen, die vom Verantwortlichen zur Verarbeitung personenbezogener Daten autorisiert sind und sich zur Vertraulichkeit verpflichtet haben;<\/li>\n<li>Unternehmen, die zur Gruppe des Verantwortlichen geh\u00f6ren;<\/li>\n<li>Beratern als externe Datenverarbeiter im notwendigen Rahmen zur Erf\u00fcllung ihrer Aufgaben, die sich zur Vertraulichkeit und Sicherheit verpflichtet haben;<\/li>\n<li>Justizbeh\u00f6rden in Aus\u00fcbung ihrer Funktionen, wenn dies durch die geltenden Vorschriften gefordert wird.<\/li>\n<\/ul>\n<p><strong>Dauer der Speicherung personenbezogener Daten<\/strong> Der Verantwortliche verarbeitet die personenbezogenen Daten so lange, wie es unbedingt erforderlich ist, um die in dieser Datenschutzrichtlinie genannten Zwecke zu erreichen, und bis zur gesetzlich zul\u00e4ssigen Dauer zum Schutz seiner Interessen (Art. 2947 c.c.). Weitere Informationen zur Dauer der Speicherung personenbezogener Daten und den Kriterien, die zur Bestimmung dieser Dauer verwendet werden, k\u00f6nnen schriftlich beim Verantwortlichen angefordert werden.<\/p>\n<p><strong>\u00dcbermittlung von Daten au\u00dferhalb des Europ\u00e4ischen Wirtschaftsraums<\/strong> Die personenbezogenen Daten werden nicht an Stellen au\u00dferhalb des Europ\u00e4ischen Wirtschaftsraums \u00fcbermittelt und nicht ver\u00f6ffentlicht.<\/p>\n<p><strong>Rechte der betroffenen Person<\/strong> Gem\u00e4\u00df den Artikeln 15-22 der DSGVO hat die betroffene Person das Recht, den Verantwortlichen jederzeit zu kontaktieren, um Zugang zu ihren personenbezogenen Daten zu erhalten und:<\/p>\n<ul>\n<li>Die L\u00f6schung, Anonymisierung oder Sperrung der gesetzeswidrig verarbeiteten Daten zu verlangen;<\/li>\n<li>Die Aktualisierung, Berichtigung und Erg\u00e4nzung der Daten zu erhalten;<\/li>\n<li>Zu best\u00e4tigen, dass diese \u00c4nderungen denjenigen, denen die Daten mitgeteilt wurden, zur Kenntnis gebracht wurden;<\/li>\n<li>Aus berechtigten Gr\u00fcnden der Verarbeitung der Daten oder einem automatisierten Entscheidungsprozess (einschlie\u00dflich Profiling) zu widersprechen;<\/li>\n<li>Die Einschr\u00e4nkung der Verarbeitung oder die \u00dcbertragbarkeit an einen anderen Verantwortlichen zu verlangen;<\/li>\n<li>Die Einwilligung zur Verarbeitung f\u00fcr die oben genannten Zwecke zu widerrufen, ohne die Rechtm\u00e4\u00dfigkeit der auf der Einwilligung basierenden Verarbeitung vor dem Widerruf zu beeintr\u00e4chtigen;<\/li>\n<li>Die sie betreffenden Daten in einem strukturierten, g\u00e4ngigen und maschinenlesbaren Format zu erhalten.<\/li>\n<\/ul>\n<p>Als betroffene Person haben Sie das Recht, bei der zust\u00e4ndigen Aufsichtsbeh\u00f6rde (Garante per la Protezione dei Dati Personali) eine Beschwerde einzureichen, wenn Sie der Meinung sind, dass die Verarbeitung Ihrer personenbezogenen Daten nicht den geltenden Vorschriften entspricht.<\/p>\n<p><strong>Letzte \u00dcberarbeitung: 22.05.2024<\/strong><\/p>\n<p>DP_Info_002.0-Rev.3_2024<\/p>\n<\/div>\n<\/div>\n<\/div>\n<\/section>\n","protected":false},"excerpt":{"rendered":"<p>DATENSCHUTZ- UND COOKIE-RICHTLINIE Durch diese \u201eDatenschutz- und Cookie-Richtlinie\u201c m\u00f6chte NI.VAL. GROUP SERVICE Srl als Datenverantwortlicher (im Folgenden \u201eVerantwortlicher\u201c) die Verwaltung der personenbezogenen Daten der Nutzer dieser Website gem\u00e4\u00df der EU-Verordnung 2016\/679 zum Datenschutz (General Data Protection Regulation oder GDPR) beschreiben.&hellip;<\/p>\n","protected":false},"author":1,"featured_media":0,"parent":0,"menu_order":0,"comment_status":"closed","ping_status":"closed","template":"","meta":{"_acf_changed":false,"footnotes":""},"class_list":["post-2269","page","type-page","status-publish","hentry","entry","no-media"],"acf":[],"_links":{"self":[{"href":"https:\/\/www.nivalgroup.com\/de\/wp-json\/wp\/v2\/pages\/2269","targetHints":{"allow":["GET"]}}],"collection":[{"href":"https:\/\/www.nivalgroup.com\/de\/wp-json\/wp\/v2\/pages"}],"about":[{"href":"https:\/\/www.nivalgroup.com\/de\/wp-json\/wp\/v2\/types\/page"}],"author":[{"embeddable":true,"href":"https:\/\/www.nivalgroup.com\/de\/wp-json\/wp\/v2\/users\/1"}],"replies":[{"embeddable":true,"href":"https:\/\/www.nivalgroup.com\/de\/wp-json\/wp\/v2\/comments?post=2269"}],"version-history":[{"count":0,"href":"https:\/\/www.nivalgroup.com\/de\/wp-json\/wp\/v2\/pages\/2269\/revisions"}],"wp:attachment":[{"href":"https:\/\/www.nivalgroup.com\/de\/wp-json\/wp\/v2\/media?parent=2269"}],"curies":[{"name":"wp","href":"https:\/\/api.w.org\/{rel}","templated":true}]}}