{"id":678,"date":"2018-09-15T09:43:07","date_gmt":"2018-09-15T07:43:07","guid":{"rendered":"https:\/\/www.nivalgroup.com\/il-gruppo\/"},"modified":"2021-05-17T12:42:25","modified_gmt":"2021-05-17T10:42:25","slug":"die-gruppe","status":"publish","type":"page","link":"https:\/\/www.nivalgroup.com\/de\/die-gruppe\/","title":{"rendered":"Die Gruppe"},"content":{"rendered":"<section class=\"vc-row\">\n<div class=\"vc-column\">\n<h2 style=\"text-align: center;\">Zuverl\u00e4ssigkeit <strong>und Effizienz<\/strong><\/h2>\n<div class=\"vc-row-inner\">\n<div class=\"vc-column-inner\">\n<p>Die Nival Group ist eine Konsortialgesellschaft, die seit mehr als 20 Jahren ein umfassendes Angebot an Outsourcing-Dienstleistungen f\u00fcr Unternehmen anbietet.<\/p>\n<p>Die Nival Group kann auf hohe Spezialisierung in den Bereichen der integrierten Logistik, End-of-Line-Fertigungen, Reinigung im industriellen und gewerblichen Bereich, Transporte und Portierdienste verweisen.<\/p>\n<p>Dank ihrer gro\u00dfen operativen Flexibilit\u00e4t kann Nival die Verwaltung der End-of-Line- und Lagert\u00e4tigkeiten im Outsourcing \u00fcbernehmen, diese nach allen erforderlichen technischen Spezifikationen organisieren und alle Anforderungen des Produktionsprozesses bis hin zur Lagerung des fertigen Produkts erf\u00fcllen.<\/p>\n<p>Ein garantiertes System f\u00fcr die Verwaltung echter Werkvertr\u00e4ge und die schnelle und effiziente Organisation der Arbeitsabl\u00e4ufe haben die Nival Group zu einem der besten Unternehmen der Branche in Italien gemacht, wie die hervorragenden Referenzen beweisen.<\/p>\n<p>Seit ihrer Gr\u00fcndung im Jahr 2008 haben die Nival Group und alle ihre beteiligten Unternehmen ihren <strong>Umsatz gesteigert<\/strong> und erreichten 2017 insgesamt \u00fcber 90 Millionen Euro.<\/p>\n<\/div>\n<\/div>\n<div class=\"vc-row-inner\">\n<div class=\"vc-column-inner\">JTNDcCUyMGNsYXNzJTNEJTIydGV4dC1jZW50ZXIlMjIlM0UlMjAlM0NhJTIwaHJlZiUzRCUyMmh0dHBzJTNBJTJGJTJGd3d3Lm5pdmFsZ3JvdXAuY29tJTJGZGUlMkZ3ZXJ0ZSUyRiUyMiUyMHRpdGxlJTNEJTIyRXJmYWhyZW4lMjBTaWUlMjBtZWhyJTIwJUMzJUJDYmVyJTIwdW5zZXJlJTIwV2VydGUlMjIlMjBjbGFzcyUzRCUyMmJ0biUyMGJ0bi1kZWZhdWx0JTIyJTNFJTNDc3BhbiUyMGNsYXNzJTNEJTIydHh0JTIyJTNFJTIwRXJmYWhyZW4lMjBTaWUlMjBtZWhyJTIwJUMzJUJDYmVyJTIwdW5zZXJlJTIwV2VydGUlMjAlM0MlMkZzcGFuJTNFJTNDaSUyMGNsYXNzJTNEJTIydmNfYnRuMy1pY29uJTIwZmElMjBmYS1jaGV2cm9uLXJpZ2h0JTIyJTNFJTNDJTJGaSUzRSUzQ3NwYW4lMjBjbGFzcyUzRCUyMmVmZmVjdCUyMiUzRSUzQyUyRnNwYW4lM0UlM0MlMkZhJTNFJTIwJTNDJTJGcCUzRQ==<\/div>\n<\/div>\n[vc_row_inner equal_height=&#8220;yes&#8220; el_class=&#8220;image-different&#8220;]\n<div class=\"vc-column-inner\">[vc_single_image image=&#8220;56&#8243; css_animation=&#8220;none&#8220;][vc_single_image image=&#8220;57&#8243; css_animation=&#8220;none&#8220;]<\/div>\n<\/div>\n<\/div>\n<\/section>\n[vc_row disable_element=&#8220;yes&#8220;]\n<div class=\"vc-column\">\n<h2 style=\"text-align: center;\"><strong>Unternehmensstruktur<\/strong><\/h2>\n[vc_single_image image=&#8220;63&#8243; el_class=&#8220;text-center&#8220;]<\/div>\n<\/section>\n<div class=\"vc_row wpb_row vc_row-fluid foto-gruppo-nival\">\n<div class=\"col-sm-12 col-md-12 col-lg-4\">\n\t\t<img decoding=\"async\" src=\"\/wp-content\/uploads\/2021\/02\/nival-gruppo-1.jpg\" alt=\"Nival Group foto gruppo 1\">\n\t<\/div>\n<div class=\"col-sm-12 col-md-12 col-lg-4\">\n\t\t<img decoding=\"async\" src=\"\/wp-content\/uploads\/2021\/02\/nival-gruppo-2.jpg\" alt=\"Nival Group foto gruppo 2\">\n\t<\/div>\n<div class=\"col-sm-12 col-md-12 col-lg-4\">\n\t\t<img decoding=\"async\" src=\"\/wp-content\/uploads\/2021\/02\/nival-gruppo-3.jpg\" alt=\"Nival Group foto gruppo 3\">\n\t<\/div>\n<\/div>\n[vc_row full_width=&#8220;stretch_row&#8220; full_height=&#8220;yes&#8220; columns_placement=&#8220;stretch&#8220; equal_height=&#8220;yes&#8220; el_class=&#8220;bg-dark i-nostri-numeri&#8220;][vc_column el_class=&#8220;i-nostri-numeri&#8220;]\n<h2 style=\"text-align: center;\">Die Gruppe in Zahlen<\/h2>\n<div class=\"vc-row-inner\">\n<div class=\"vc-column-inner\">\n<h3 style=\"text-align: center;\"><span class=\"count-number\" data-count=\"9\"><span class=\"counter\">9<\/span><\/span><\/h3>\n<p style=\"text-align: center;\">Unternehmen<\/p>\n<\/p>\n<h3 style=\"text-align: center;\"><span class=\"count-number\" data-count=\"90\"><span class=\"counter\">90<\/span><\/span><\/h3>\n<p style=\"text-align: center;\">Millionen Euro Umsatz<\/p>\n<\/div>\n<\/div>\n<div class=\"vc-row-inner\">\n<div class=\"vc-column-inner\">\n<h3 style=\"text-align: center;\"><span class=\"count-number\" data-count=\"3550\"><span class=\"counter\">3550<\/span><\/span><\/h3>\n<p style=\"text-align: center;\">Angestellte<\/p>\n<\/p>\n<h3 style=\"text-align: center;\"><span class=\"count-number\" data-count=\"35000\"><span class=\"counter\">35000<\/span><\/span><\/h3>\n<p style=\"text-align: center;\">m2 aufgeteilt auf Raumtemperaturlager und temperaturkontrollierte Lager<\/p>\n<\/div>\n<\/div>\n<\/div>\n<\/section>\n[vc_row full_width=&#8220;stretch_row&#8220; equal_height=&#8220;yes&#8220; el_class=&#8220;bg-color aziende-del-gruppo&#8220;]\n<div class=\"vc-column\">\n<h2 style=\"text-align: center;\">Unternehmen der Gruppe<\/h2>\n[vc_row_inner el_class=&#8220;slider-image-text&#8220;]\n<div class=\"vc-column-inner\">\n<h2><img loading=\"lazy\" decoding=\"async\" class=\"aligncenter size-full wp-image-78\" src=\"https:\/\/www.nivalgroup.com\/wp-content\/uploads\/2018\/09\/img-sinco.jpg\" alt=\"Cooperativa Sinco\" width=\"956\" height=\"721\" srcset=\"https:\/\/www.nivalgroup.com\/wp-content\/uploads\/2018\/09\/img-sinco.jpg 956w, https:\/\/www.nivalgroup.com\/wp-content\/uploads\/2018\/09\/img-sinco-300x226.jpg 300w, https:\/\/www.nivalgroup.com\/wp-content\/uploads\/2018\/09\/img-sinco-768x579.jpg 768w\" sizes=\"auto, (max-width: 956px) 100vw, 956px\" \/>Cooperativa Sinco<\/h2>\n<p>Integrierte und logistische Dienstleistungen, Konfektionierung und Montage<\/p>\n<p><a href=\"https:\/\/www.nivalgroup.com\/de\/die-gruppe\/die-unternehmen-der-gruppe\/cooperativa-sinco\/\">Website des Unternehmens ansehen<\/a><\/p>\n<\/p>\n<h2><img loading=\"lazy\" decoding=\"async\" class=\"aligncenter wp-image-377 size-full\" src=\"https:\/\/www.nivalgroup.com\/wp-content\/uploads\/2018\/10\/nival-gruppo-team.jpg\" alt=\"Team S.r.l.\" width=\"950\" height=\"720\" srcset=\"https:\/\/www.nivalgroup.com\/wp-content\/uploads\/2018\/10\/nival-gruppo-team.jpg 950w, https:\/\/www.nivalgroup.com\/wp-content\/uploads\/2018\/10\/nival-gruppo-team-300x227.jpg 300w, https:\/\/www.nivalgroup.com\/wp-content\/uploads\/2018\/10\/nival-gruppo-team-768x582.jpg 768w\" sizes=\"auto, (max-width: 950px) 100vw, 950px\" \/>Team S.r.l.<\/h2>\n<p>Reinigungsfirma f\u00fcr Reinigung im industriellen und gewerblichen Bereich<\/p>\n<p><a href=\"https:\/\/www.nivalgroup.com\/de\/die-gruppe\/die-unternehmen-der-gruppe\/team-srl\/\">Website des Unternehmens ansehen<\/a><\/p>\n<\/p>\n<h2><img loading=\"lazy\" decoding=\"async\" class=\"aligncenter wp-image-379 size-full\" src=\"https:\/\/www.nivalgroup.com\/wp-content\/uploads\/2018\/10\/nival-gruppo-san-martino.jpg\" alt=\"San Martino Servizi S.r.l.\" width=\"950\" height=\"720\" srcset=\"https:\/\/www.nivalgroup.com\/wp-content\/uploads\/2018\/10\/nival-gruppo-san-martino.jpg 950w, https:\/\/www.nivalgroup.com\/wp-content\/uploads\/2018\/10\/nival-gruppo-san-martino-300x227.jpg 300w, https:\/\/www.nivalgroup.com\/wp-content\/uploads\/2018\/10\/nival-gruppo-san-martino-768x582.jpg 768w\" sizes=\"auto, (max-width: 950px) 100vw, 950px\" \/>San Martino Servizi S.r.l.<\/h2>\n<p class=\"p1\"><span class=\"s1\">einigungsfirma mit Spezialisierung im Bereich der Lebensmittelindustrie<\/span><\/p>\n<p><a href=\"https:\/\/www.nivalgroup.com\/de\/die-gruppe\/die-unternehmen-der-gruppe\/san-martino-servizi-s-r-l\/\">Website des Unternehmens ansehen<\/a><\/p>\n<\/p>\n<h2><img loading=\"lazy\" decoding=\"async\" class=\"aligncenter wp-image-381 size-full\" src=\"https:\/\/www.nivalgroup.com\/wp-content\/uploads\/2018\/10\/nival-gruppo-ber.jpg\" alt=\"B&amp;R Service S.r.l.\" width=\"950\" height=\"720\" srcset=\"https:\/\/www.nivalgroup.com\/wp-content\/uploads\/2018\/10\/nival-gruppo-ber.jpg 950w, https:\/\/www.nivalgroup.com\/wp-content\/uploads\/2018\/10\/nival-gruppo-ber-300x227.jpg 300w, https:\/\/www.nivalgroup.com\/wp-content\/uploads\/2018\/10\/nival-gruppo-ber-768x582.jpg 768w\" sizes=\"auto, (max-width: 950px) 100vw, 950px\" \/>B&amp;R Service S.r.l.<\/h2>\n<p>Reinigungsfirma, Logistikdienste und ausgelagerte Fertigungen<\/p>\n<p><a href=\"https:\/\/www.nivalgroup.com\/de\/die-gruppe\/die-unternehmen-der-gruppe\/br-service-srl\/\">Website des Unternehmens ansehen<\/a><\/p>\n<\/p>\n<h2><img loading=\"lazy\" decoding=\"async\" class=\"aligncenter wp-image-383 size-full\" src=\"https:\/\/www.nivalgroup.com\/wp-content\/uploads\/2018\/10\/nival-gruppo-teknoservices.jpg\" alt=\"Teknoservices\" width=\"950\" height=\"720\" srcset=\"https:\/\/www.nivalgroup.com\/wp-content\/uploads\/2018\/10\/nival-gruppo-teknoservices.jpg 950w, https:\/\/www.nivalgroup.com\/wp-content\/uploads\/2018\/10\/nival-gruppo-teknoservices-300x227.jpg 300w, https:\/\/www.nivalgroup.com\/wp-content\/uploads\/2018\/10\/nival-gruppo-teknoservices-768x582.jpg 768w\" sizes=\"auto, (max-width: 950px) 100vw, 950px\" \/>Teknoservices<\/h2>\n<p>Umwelthygienedienst, Verladearbeiten, Portierdienste, Anlagenwartung<\/p>\n<p><a href=\"https:\/\/www.nivalgroup.com\/de\/die-gruppe\/die-unternehmen-der-gruppe\/teknoservices\/\">Website des Unternehmens ansehen<\/a><\/p>\n<\/p>\n<h2><img loading=\"lazy\" decoding=\"async\" class=\"aligncenter wp-image-384 size-full\" src=\"https:\/\/www.nivalgroup.com\/wp-content\/uploads\/2018\/10\/nival-gruppo-bastasini.jpg\" alt=\"Autotrasporti Bastasini\" width=\"950\" height=\"720\" srcset=\"https:\/\/www.nivalgroup.com\/wp-content\/uploads\/2018\/10\/nival-gruppo-bastasini.jpg 950w, https:\/\/www.nivalgroup.com\/wp-content\/uploads\/2018\/10\/nival-gruppo-bastasini-300x227.jpg 300w, https:\/\/www.nivalgroup.com\/wp-content\/uploads\/2018\/10\/nival-gruppo-bastasini-768x582.jpg 768w\" sizes=\"auto, (max-width: 950px) 100vw, 950px\" \/>Autotrasporti Bastasini<\/h2>\n<p>Transport und Verteilung<\/p>\n<p><a href=\"https:\/\/www.nivalgroup.com\/de\/die-gruppe\/die-unternehmen-der-gruppe\/autotrasporti-bastasini\/\">Website des Unternehmens ansehen<\/a><\/p>\n<\/p>\n<h2><img loading=\"lazy\" decoding=\"async\" class=\"aligncenter wp-image-388 size-full\" src=\"https:\/\/www.nivalgroup.com\/wp-content\/uploads\/2018\/10\/nival-gruppo-defin.jpg\" alt=\"Defin Immobiliare\" width=\"950\" height=\"720\" srcset=\"https:\/\/www.nivalgroup.com\/wp-content\/uploads\/2018\/10\/nival-gruppo-defin.jpg 950w, https:\/\/www.nivalgroup.com\/wp-content\/uploads\/2018\/10\/nival-gruppo-defin-300x227.jpg 300w, https:\/\/www.nivalgroup.com\/wp-content\/uploads\/2018\/10\/nival-gruppo-defin-768x582.jpg 768w\" sizes=\"auto, (max-width: 950px) 100vw, 950px\" \/>Defin Immobiliare<\/h2>\n<p>Verwaltung und Funktionalisierung der Immobilien der Gruppe<\/p>\n<p><a href=\"https:\/\/www.nivalgroup.com\/de\/die-gruppe\/die-unternehmen-der-gruppe\/defin-immobiliare\/\">Website des Unternehmens ansehen<\/a><\/p>\n<\/div>\n<\/div>\n<\/div>\n<\/section>\n","protected":false},"excerpt":{"rendered":"<p>Zuverl\u00e4ssigkeit und Effizienz Die Nival Group ist eine Konsortialgesellschaft, die seit mehr als 20 Jahren ein umfassendes Angebot an Outsourcing-Dienstleistungen f\u00fcr Unternehmen anbietet. Die Nival Group kann auf hohe Spezialisierung in den Bereichen der integrierten Logistik, End-of-Line-Fertigungen, Reinigung im industriellen&hellip;<\/p>\n","protected":false},"author":2,"featured_media":0,"parent":0,"menu_order":0,"comment_status":"closed","ping_status":"closed","template":"","meta":{"_acf_changed":false,"footnotes":""},"class_list":["post-678","page","type-page","status-publish","hentry","entry","no-media"],"acf":[],"_links":{"self":[{"href":"https:\/\/www.nivalgroup.com\/de\/wp-json\/wp\/v2\/pages\/678","targetHints":{"allow":["GET"]}}],"collection":[{"href":"https:\/\/www.nivalgroup.com\/de\/wp-json\/wp\/v2\/pages"}],"about":[{"href":"https:\/\/www.nivalgroup.com\/de\/wp-json\/wp\/v2\/types\/page"}],"author":[{"embeddable":true,"href":"https:\/\/www.nivalgroup.com\/de\/wp-json\/wp\/v2\/users\/2"}],"replies":[{"embeddable":true,"href":"https:\/\/www.nivalgroup.com\/de\/wp-json\/wp\/v2\/comments?post=678"}],"version-history":[{"count":0,"href":"https:\/\/www.nivalgroup.com\/de\/wp-json\/wp\/v2\/pages\/678\/revisions"}],"wp:attachment":[{"href":"https:\/\/www.nivalgroup.com\/de\/wp-json\/wp\/v2\/media?parent=678"}],"curies":[{"name":"wp","href":"https:\/\/api.w.org\/{rel}","templated":true}]}}