{"id":770,"date":"2018-12-18T22:26:14","date_gmt":"2018-12-18T21:26:14","guid":{"rendered":"https:\/\/www.nivalgroup.com\/cooperativa-sinco\/"},"modified":"2020-05-21T10:31:47","modified_gmt":"2020-05-21T08:31:47","slug":"cooperativa-sinco","status":"publish","type":"page","link":"https:\/\/www.nivalgroup.com\/de\/die-unternehmen-der-gruppe\/cooperativa-sinco\/","title":{"rendered":"Cooperativa Sinco"},"content":{"rendered":"<h2>Integrierte und logistische Dienstleistungen, <br \/>\n<strong>Konfektionierung und Montage<\/strong><\/h2>\n<p>S.IN.CO ist eine moderne Genossenschaft, die integrierte Industriedienste anbietet, sowohl innerhalb der eigenen Einrichtungen als auch den Einrichtungen des Kunden (Inhouse-Outsourcing).<\/p>\n<p>S.IN.CO ist seit 1996 auf dem Markt und ein strategischer Partner f\u00fcr Lagerdienstleistungen. Die Genossenschaft bietet technische Unterst\u00fctzung und k\u00fcmmert sich dank dem Einsatz spezifischer operativer Instrumente und einer fortlaufenden beruflichen Weiterbildung um die Erstellung detaillierter Arbeitspl\u00e4ne.<\/p>\n<p>Das Know-how des Unternehmens hat seinen Fokus in der Verwaltung folgender Gesch\u00e4ftsprozesse:<\/p>\n<ul>\n<li>Konfektionierung, Verpackung, Etikettierung, Sortierung und\/oder Entwicklung von Fertigerzeugnissen<\/li>\n<li>Verlade- und Transportdienste von Produkten und Waren in In-\/Out-Lagern<\/li>\n<li>Vorbereitung von Bestellungen und damit verbundenen T\u00e4tigkeiten<\/li>\n<\/ul>\n<p><a class=\"btn btn-default text-uppercase\" href=\"https:\/\/www.nivalgroup.com\/de\/servizi\/logistik\/\"><span class=\"txt\">Erfahren Sie mehr \u00fcber den Logistikdienst<\/span><\/a><\/p>\n","protected":false},"excerpt":{"rendered":"<p>Integrierte und logistische Dienstleistungen, Konfektionierung und Montage S.IN.CO ist eine moderne Genossenschaft, die integrierte Industriedienste anbietet, sowohl innerhalb der eigenen Einrichtungen als auch den Einrichtungen des Kunden (Inhouse-Outsourcing). S.IN.CO ist seit 1996 auf dem Markt und ein strategischer Partner f\u00fcr&hellip;<\/p>\n","protected":false},"author":2,"featured_media":0,"parent":848,"menu_order":0,"comment_status":"closed","ping_status":"closed","template":"template-le-aziende_dettaglio.php","meta":{"_acf_changed":false,"footnotes":""},"class_list":["post-770","page","type-page","status-publish","hentry","entry","no-media"],"acf":[],"_links":{"self":[{"href":"https:\/\/www.nivalgroup.com\/de\/wp-json\/wp\/v2\/pages\/770","targetHints":{"allow":["GET"]}}],"collection":[{"href":"https:\/\/www.nivalgroup.com\/de\/wp-json\/wp\/v2\/pages"}],"about":[{"href":"https:\/\/www.nivalgroup.com\/de\/wp-json\/wp\/v2\/types\/page"}],"author":[{"embeddable":true,"href":"https:\/\/www.nivalgroup.com\/de\/wp-json\/wp\/v2\/users\/2"}],"replies":[{"embeddable":true,"href":"https:\/\/www.nivalgroup.com\/de\/wp-json\/wp\/v2\/comments?post=770"}],"version-history":[{"count":0,"href":"https:\/\/www.nivalgroup.com\/de\/wp-json\/wp\/v2\/pages\/770\/revisions"}],"up":[{"embeddable":true,"href":"https:\/\/www.nivalgroup.com\/de\/wp-json\/wp\/v2\/pages\/848"}],"wp:attachment":[{"href":"https:\/\/www.nivalgroup.com\/de\/wp-json\/wp\/v2\/media?parent=770"}],"curies":[{"name":"wp","href":"https:\/\/api.w.org\/{rel}","templated":true}]}}