{"id":782,"date":"2018-11-23T16:27:24","date_gmt":"2018-11-23T15:27:24","guid":{"rendered":"https:\/\/www.nivalgroup.com\/team-srl\/"},"modified":"2020-05-21T10:32:58","modified_gmt":"2020-05-21T08:32:58","slug":"team-srl","status":"publish","type":"page","link":"https:\/\/www.nivalgroup.com\/de\/die-unternehmen-der-gruppe\/team-srl\/","title":{"rendered":"TEAM S.R.L."},"content":{"rendered":"<h2 class=\"p1\">Reinigungsfirma f\u00fcr Reinigung im <strong>industriellen und gewerblichen Bereich<\/strong><\/h2>\n<p>TEAM S.r.l. wurde 1989 gegr\u00fcndet und ist im Bereich der Reinigung von Geb\u00e4uden und Industrieanlagen t\u00e4tig und bietet effiziente Dienstleistung f\u00fcr hygienische Verfahren und Sanierung an.<\/p>\n<p>Die Unternehmensphilosophie basiert vorrangig auf Sicherheit, Schulung und absoluter Einhaltung von Umwelt- und Hygienevorschriften am Arbeitsplatz.<\/p>\n<p>TEAM S.r.l. ist nach ISO 9001\/2000 zertifiziert und alle Prozesse werden gem\u00e4\u00df dieser Norm unter der rigorosen <strong>Kontrolle und Koordination<\/strong> des f\u00fcr den Dienst und \/ oder die Baustelle Verantwortlichen geplant und durchgef\u00fchrt.<\/p>\n<p>Die Mitarbeiter des Unternehmens werden durch theoretische und praktische Kurse geschult und absolvieren laufend <strong>Weiterbildungskurse<\/strong> f\u00fcr den richtigen Umgang mit Produkten, Maschinen und Anlagen der neuesten Generation, um stets mit maximaler Sicherheit, Professionalit\u00e4t und Effizienz zu arbeiten.<\/p>\n<p>Um einen Service zu bieten, der immer den spezifischen Bed\u00fcrfnissen unserer Kunden entspricht, analysieren Fachleute Problemstellungen und Risiken der zu behandelnden Umgebung, um ma\u00dfgeschneiderte professionelle L\u00f6sungen zu erarbeiten.<\/p>\n","protected":false},"excerpt":{"rendered":"<p>Reinigungsfirma f\u00fcr Reinigung im industriellen und gewerblichen Bereich TEAM S.r.l. wurde 1989 gegr\u00fcndet und ist im Bereich der Reinigung von Geb\u00e4uden und Industrieanlagen t\u00e4tig und bietet effiziente Dienstleistung f\u00fcr hygienische Verfahren und Sanierung an. Die Unternehmensphilosophie basiert vorrangig auf Sicherheit,&hellip;<\/p>\n","protected":false},"author":2,"featured_media":0,"parent":848,"menu_order":0,"comment_status":"closed","ping_status":"closed","template":"template-le-aziende_dettaglio.php","meta":{"_acf_changed":false,"footnotes":""},"class_list":["post-782","page","type-page","status-publish","hentry","entry","no-media"],"acf":[],"_links":{"self":[{"href":"https:\/\/www.nivalgroup.com\/de\/wp-json\/wp\/v2\/pages\/782","targetHints":{"allow":["GET"]}}],"collection":[{"href":"https:\/\/www.nivalgroup.com\/de\/wp-json\/wp\/v2\/pages"}],"about":[{"href":"https:\/\/www.nivalgroup.com\/de\/wp-json\/wp\/v2\/types\/page"}],"author":[{"embeddable":true,"href":"https:\/\/www.nivalgroup.com\/de\/wp-json\/wp\/v2\/users\/2"}],"replies":[{"embeddable":true,"href":"https:\/\/www.nivalgroup.com\/de\/wp-json\/wp\/v2\/comments?post=782"}],"version-history":[{"count":0,"href":"https:\/\/www.nivalgroup.com\/de\/wp-json\/wp\/v2\/pages\/782\/revisions"}],"up":[{"embeddable":true,"href":"https:\/\/www.nivalgroup.com\/de\/wp-json\/wp\/v2\/pages\/848"}],"wp:attachment":[{"href":"https:\/\/www.nivalgroup.com\/de\/wp-json\/wp\/v2\/media?parent=782"}],"curies":[{"name":"wp","href":"https:\/\/api.w.org\/{rel}","templated":true}]}}