{"id":787,"date":"2018-10-23T23:17:17","date_gmt":"2018-10-23T21:17:17","guid":{"rendered":"https:\/\/www.nivalgroup.com\/san-martino-servizi-s-r-l\/"},"modified":"2020-05-21T10:36:58","modified_gmt":"2020-05-21T08:36:58","slug":"san-martino-servizi-s-r-l","status":"publish","type":"page","link":"https:\/\/www.nivalgroup.com\/de\/die-unternehmen-der-gruppe\/san-martino-servizi-s-r-l\/","title":{"rendered":"San Martino Servizi S.r.l."},"content":{"rendered":"<h2>Reinigungsfirma mit Spezialisierung <strong>im Bereich der Lebensmittelindustrie<\/strong><\/h2>\n<p>SAN MARTINO SERVIZI S.r.l. ist ein Unternehmen, das auf die Reinigung von industriellen und gewerblichen Geb\u00e4uden spezialisiert ist. Es verf\u00fcgt \u00fcber Personal, das die entsprechende Schulung und Ausbildung besitzt, um in Umgebungen zu arbeiten, die besondere Aufmerksamkeit erfordern, da der Prozess der hygienischen Sanierung f\u00fcr den Kunden gewisse Herausforderungen darstellt.<\/p>\n<p>In den letzten Jahren hat sich die T\u00e4tigkeit auf den Bereich der Lebensmittelindustrie konzentriert und es wurden Techniken und Methoden entwickelt, durch die hohe Qualit\u00e4tsstandards erreicht und gleichzeitig Zeit und Verbrauch beim Verfahren der hygienischen Sanierung eingespart werden.<\/p>\n<p>Das Unternehmen bietet einen auf den Kunden abgestimmten und innovativen Service, der die Anforderungen der verschiedenen Produktionsbereiche erf\u00fcllt. Daf\u00fcr werden technologisch fortschrittliche Ausr\u00fcstungen und Maschinen zusammen mit spezifischen Produkten eingesetzt, die mit sachgem\u00e4\u00dfen und modernen Verfahren zur Anwendung kommen.<\/p>\n","protected":false},"excerpt":{"rendered":"<p>Reinigungsfirma mit Spezialisierung im Bereich der Lebensmittelindustrie SAN MARTINO SERVIZI S.r.l. ist ein Unternehmen, das auf die Reinigung von industriellen und gewerblichen Geb\u00e4uden spezialisiert ist. Es verf\u00fcgt \u00fcber Personal, das die entsprechende Schulung und Ausbildung besitzt, um in Umgebungen zu&hellip;<\/p>\n","protected":false},"author":2,"featured_media":0,"parent":848,"menu_order":0,"comment_status":"closed","ping_status":"closed","template":"template-le-aziende_dettaglio.php","meta":{"_acf_changed":false,"footnotes":""},"class_list":["post-787","page","type-page","status-publish","hentry","entry","no-media"],"acf":[],"_links":{"self":[{"href":"https:\/\/www.nivalgroup.com\/de\/wp-json\/wp\/v2\/pages\/787","targetHints":{"allow":["GET"]}}],"collection":[{"href":"https:\/\/www.nivalgroup.com\/de\/wp-json\/wp\/v2\/pages"}],"about":[{"href":"https:\/\/www.nivalgroup.com\/de\/wp-json\/wp\/v2\/types\/page"}],"author":[{"embeddable":true,"href":"https:\/\/www.nivalgroup.com\/de\/wp-json\/wp\/v2\/users\/2"}],"replies":[{"embeddable":true,"href":"https:\/\/www.nivalgroup.com\/de\/wp-json\/wp\/v2\/comments?post=787"}],"version-history":[{"count":0,"href":"https:\/\/www.nivalgroup.com\/de\/wp-json\/wp\/v2\/pages\/787\/revisions"}],"up":[{"embeddable":true,"href":"https:\/\/www.nivalgroup.com\/de\/wp-json\/wp\/v2\/pages\/848"}],"wp:attachment":[{"href":"https:\/\/www.nivalgroup.com\/de\/wp-json\/wp\/v2\/media?parent=787"}],"curies":[{"name":"wp","href":"https:\/\/api.w.org\/{rel}","templated":true}]}}