{"id":793,"date":"2018-09-23T23:17:43","date_gmt":"2018-09-23T21:17:43","guid":{"rendered":"https:\/\/www.nivalgroup.com\/br-service-srl\/"},"modified":"2020-06-26T09:41:37","modified_gmt":"2020-06-26T07:41:37","slug":"br-service-srl","status":"publish","type":"page","link":"https:\/\/www.nivalgroup.com\/de\/die-unternehmen-der-gruppe\/br-service-srl\/","title":{"rendered":"B&#038;R Service S.r.l."},"content":{"rendered":"<h2>Reinigungsfirma, Logistikdienste <strong>und ausgelagerte Fertigungen<\/strong><\/h2>\n<p>B&amp;R SERVICE S.r.l. ist ein Dienstleistungsunternehmen im Bereich Reinigung, Logistik und Fertigung f\u00fcr Dritte, das seit \u00fcber 20 Jahren in den Regionen Venetien, Friaul-Julisch Venetien und Trentino-S\u00fcdtirol t\u00e4tig ist. Es z\u00e4hlt zu einem der wenigen Unternehmen in Italien, das \u00fcber die integrierte Zertifizierung f\u00fcr Qualit\u00e4t, Umwelt und Sicherheit verf\u00fcgt.<\/p>\n<p>Die Unternehmensstruktur st\u00fctzt sich auf ein Team von Fachleuten, die j\u00e4hrlich an technischen und betrieblichen Weiterbildungen f\u00fcr alle angebotenen Dienstleistungen teilnehmen.<\/p>\n<p>B&amp;R SERVICE S.r.l. organisiert seine T\u00e4tigkeiten mithilfe eines bereichs\u00fcbergreifenden Systems und zwar dank der Pr\u00e4senz von betriebsinternem Fachpersonal, das f\u00e4hig ist, einen spezifischen Dienst f\u00fcr den Kunden zu planen und zu gestalten. Mit ihm werden auch die Kriterien f\u00fcr die Qualit\u00e4ts\u00fcberwachung des angebotenen Dienstes vereinbart.<\/p>\n","protected":false},"excerpt":{"rendered":"<p>Reinigungsfirma, Logistikdienste und ausgelagerte Fertigungen B&amp;R SERVICE S.r.l. ist ein Dienstleistungsunternehmen im Bereich Reinigung, Logistik und Fertigung f\u00fcr Dritte, das seit \u00fcber 20 Jahren in den Regionen Venetien, Friaul-Julisch Venetien und Trentino-S\u00fcdtirol t\u00e4tig ist. Es z\u00e4hlt zu einem der wenigen&hellip;<\/p>\n","protected":false},"author":2,"featured_media":0,"parent":848,"menu_order":0,"comment_status":"closed","ping_status":"closed","template":"template-le-aziende_dettaglio.php","meta":{"_acf_changed":false,"footnotes":""},"class_list":["post-793","page","type-page","status-publish","hentry","entry","no-media"],"acf":[],"_links":{"self":[{"href":"https:\/\/www.nivalgroup.com\/de\/wp-json\/wp\/v2\/pages\/793","targetHints":{"allow":["GET"]}}],"collection":[{"href":"https:\/\/www.nivalgroup.com\/de\/wp-json\/wp\/v2\/pages"}],"about":[{"href":"https:\/\/www.nivalgroup.com\/de\/wp-json\/wp\/v2\/types\/page"}],"author":[{"embeddable":true,"href":"https:\/\/www.nivalgroup.com\/de\/wp-json\/wp\/v2\/users\/2"}],"replies":[{"embeddable":true,"href":"https:\/\/www.nivalgroup.com\/de\/wp-json\/wp\/v2\/comments?post=793"}],"version-history":[{"count":0,"href":"https:\/\/www.nivalgroup.com\/de\/wp-json\/wp\/v2\/pages\/793\/revisions"}],"up":[{"embeddable":true,"href":"https:\/\/www.nivalgroup.com\/de\/wp-json\/wp\/v2\/pages\/848"}],"wp:attachment":[{"href":"https:\/\/www.nivalgroup.com\/de\/wp-json\/wp\/v2\/media?parent=793"}],"curies":[{"name":"wp","href":"https:\/\/api.w.org\/{rel}","templated":true}]}}