{"id":799,"date":"2018-08-23T23:18:00","date_gmt":"2018-08-23T21:18:00","guid":{"rendered":"https:\/\/www.nivalgroup.com\/teknoservices\/"},"modified":"2020-02-03T15:40:35","modified_gmt":"2020-02-03T14:40:35","slug":"teknoservices","status":"publish","type":"page","link":"https:\/\/www.nivalgroup.com\/de\/die-unternehmen-der-gruppe\/teknoservices\/","title":{"rendered":"Teknoservices"},"content":{"rendered":"<h2>Umwelthygienedienst, Verladearbeiten, <strong>Portierdienste, Anlagenwartung<\/strong><\/h2>\n<p>Als Konsortialgesellschaft der Nival Group mit Sitz in Rom bietet TEKNOSERVICES S.r.l. eine breite Palette von Dienstleistungen im gewerblichen, privaten und industriellen Bereich sowie im Krankenhaus- und Lebensmittelbereich an. Es werden sowohl Einzell\u00f6sungen als auch Multi-Service-Pakete geboten, die auf die spezifischen Kundenbed\u00fcrfnisse zugeschnitten sind.<\/p>\n<p>F\u00fcr die Implementierungsphase verf\u00fcgt TEKNOSERVICES \u00fcber effiziente Einsatzteams, die die modernsten auf dem Markt verf\u00fcgbaren Systemen nutzen, um die entsprechenden Dienstleistungen gem\u00e4\u00df den spezifischen Verfahren und Richtlinien des Projekts ausf\u00fchren.<\/p>\n","protected":false},"excerpt":{"rendered":"<p>Umwelthygienedienst, Verladearbeiten, Portierdienste, Anlagenwartung Als Konsortialgesellschaft der Nival Group mit Sitz in Rom bietet TEKNOSERVICES S.r.l. eine breite Palette von Dienstleistungen im gewerblichen, privaten und industriellen Bereich sowie im Krankenhaus- und Lebensmittelbereich an. Es werden sowohl Einzell\u00f6sungen als auch Multi-Service-Pakete&hellip;<\/p>\n","protected":false},"author":2,"featured_media":0,"parent":848,"menu_order":0,"comment_status":"closed","ping_status":"closed","template":"template-le-aziende_dettaglio.php","meta":{"_acf_changed":false,"footnotes":""},"class_list":["post-799","page","type-page","status-publish","hentry","entry","no-media"],"acf":[],"_links":{"self":[{"href":"https:\/\/www.nivalgroup.com\/de\/wp-json\/wp\/v2\/pages\/799","targetHints":{"allow":["GET"]}}],"collection":[{"href":"https:\/\/www.nivalgroup.com\/de\/wp-json\/wp\/v2\/pages"}],"about":[{"href":"https:\/\/www.nivalgroup.com\/de\/wp-json\/wp\/v2\/types\/page"}],"author":[{"embeddable":true,"href":"https:\/\/www.nivalgroup.com\/de\/wp-json\/wp\/v2\/users\/2"}],"replies":[{"embeddable":true,"href":"https:\/\/www.nivalgroup.com\/de\/wp-json\/wp\/v2\/comments?post=799"}],"version-history":[{"count":0,"href":"https:\/\/www.nivalgroup.com\/de\/wp-json\/wp\/v2\/pages\/799\/revisions"}],"up":[{"embeddable":true,"href":"https:\/\/www.nivalgroup.com\/de\/wp-json\/wp\/v2\/pages\/848"}],"wp:attachment":[{"href":"https:\/\/www.nivalgroup.com\/de\/wp-json\/wp\/v2\/media?parent=799"}],"curies":[{"name":"wp","href":"https:\/\/api.w.org\/{rel}","templated":true}]}}