{"id":806,"date":"2018-06-23T23:18:51","date_gmt":"2018-06-23T21:18:51","guid":{"rendered":"https:\/\/www.nivalgroup.com\/autotrasporti-bastasini\/"},"modified":"2019-01-07T23:14:31","modified_gmt":"2019-01-07T22:14:31","slug":"autotrasporti-bastasini","status":"publish","type":"page","link":"https:\/\/www.nivalgroup.com\/de\/die-unternehmen-der-gruppe\/autotrasporti-bastasini\/","title":{"rendered":"Autotrasporti Bastasini"},"content":{"rendered":"<h2>Transport <strong>und Verteilung<\/strong><\/h2>\n<p>AUTOTRASPORTI BASTASINI S.r.l. ist das Unternehmen der Nival Group, das als Transportunternehmen das von den Unternehmen der Gruppe angebotene Logistikmanagement vervollst\u00e4ndigt hat.<\/p>\n<p>Das seit \u00fcber 20 Jahren in diesem Bereich t\u00e4tige Unternehmen verf\u00fcgt \u00fcber einen gro\u00dfen Fuhrpark mit Lkws mit Ladeplanen, Transportern und temperaturgef\u00fchrten K\u00fchltransportern (von + 18\u00a0\u00b0C bis &#8211; 25\u00a0\u00b0C). Es hat au\u00dferdem ein modernes System zur Erfassung und \u00dcberwachung der Temperaturen, um dem Kunden die korrekte Einhaltung der Transportverfahren zu garantieren.<\/p>\n<p>Die Optimierung der Lieferzeiten und das effiziente Verteilsystem sind Beweis f\u00fcr die Professionalit\u00e4t und Zuverl\u00e4ssigkeit des Unternehmens, das zu einem der wettbewerbsf\u00e4higsten auf dem Markt z\u00e4hlt.<\/p>\n","protected":false},"excerpt":{"rendered":"<p>Transport und Verteilung AUTOTRASPORTI BASTASINI S.r.l. ist das Unternehmen der Nival Group, das als Transportunternehmen das von den Unternehmen der Gruppe angebotene Logistikmanagement vervollst\u00e4ndigt hat. Das seit \u00fcber 20 Jahren in diesem Bereich t\u00e4tige Unternehmen verf\u00fcgt \u00fcber einen gro\u00dfen Fuhrpark&hellip;<\/p>\n","protected":false},"author":2,"featured_media":0,"parent":848,"menu_order":0,"comment_status":"closed","ping_status":"closed","template":"template-le-aziende_dettaglio.php","meta":{"_acf_changed":false,"footnotes":""},"class_list":["post-806","page","type-page","status-publish","hentry","entry","no-media"],"acf":[],"_links":{"self":[{"href":"https:\/\/www.nivalgroup.com\/de\/wp-json\/wp\/v2\/pages\/806","targetHints":{"allow":["GET"]}}],"collection":[{"href":"https:\/\/www.nivalgroup.com\/de\/wp-json\/wp\/v2\/pages"}],"about":[{"href":"https:\/\/www.nivalgroup.com\/de\/wp-json\/wp\/v2\/types\/page"}],"author":[{"embeddable":true,"href":"https:\/\/www.nivalgroup.com\/de\/wp-json\/wp\/v2\/users\/2"}],"replies":[{"embeddable":true,"href":"https:\/\/www.nivalgroup.com\/de\/wp-json\/wp\/v2\/comments?post=806"}],"version-history":[{"count":0,"href":"https:\/\/www.nivalgroup.com\/de\/wp-json\/wp\/v2\/pages\/806\/revisions"}],"up":[{"embeddable":true,"href":"https:\/\/www.nivalgroup.com\/de\/wp-json\/wp\/v2\/pages\/848"}],"wp:attachment":[{"href":"https:\/\/www.nivalgroup.com\/de\/wp-json\/wp\/v2\/media?parent=806"}],"curies":[{"name":"wp","href":"https:\/\/api.w.org\/{rel}","templated":true}]}}