{"id":818,"date":"2018-07-23T23:18:25","date_gmt":"2018-07-23T21:18:25","guid":{"rendered":"https:\/\/www.nivalgroup.com\/defin-immobiliare\/"},"modified":"2019-01-07T23:14:07","modified_gmt":"2019-01-07T22:14:07","slug":"defin-immobiliare","status":"publish","type":"page","link":"https:\/\/www.nivalgroup.com\/de\/die-unternehmen-der-gruppe\/defin-immobiliare\/","title":{"rendered":"Defin Immobiliare"},"content":{"rendered":"<h2>Verwaltung und Funktionalisierung <strong>der Immobilien der Gruppe<\/strong><\/h2>\n<p>DEFIN ist die zur Nival Group geh\u00f6rende Immobiliengesellschaft. Sie wurde gegr\u00fcndet, um allen Anforderungen gerecht zu werden, die sich bei der Verwaltung der Immobilien, die den T\u00e4tigkeiten der verschiedenen Unternehmen der Gruppe dienen, ergeben.<\/p>\n<p>Sie k\u00fcmmert sich in erster Linie darum, Fl\u00e4chen und Geb\u00e4ude f\u00fcr den Kauf oder die Miete zu finden, die allen logistischen Anforderungen entsprechen, und damit einen erheblichen Mehrwert zur Nival Group hinzuf\u00fcgen.<\/p>\n","protected":false},"excerpt":{"rendered":"<p>Verwaltung und Funktionalisierung der Immobilien der Gruppe DEFIN ist die zur Nival Group geh\u00f6rende Immobiliengesellschaft. Sie wurde gegr\u00fcndet, um allen Anforderungen gerecht zu werden, die sich bei der Verwaltung der Immobilien, die den T\u00e4tigkeiten der verschiedenen Unternehmen der Gruppe dienen,&hellip;<\/p>\n","protected":false},"author":2,"featured_media":0,"parent":848,"menu_order":0,"comment_status":"closed","ping_status":"closed","template":"template-le-aziende_dettaglio.php","meta":{"_acf_changed":false,"footnotes":""},"class_list":["post-818","page","type-page","status-publish","hentry","entry","no-media"],"acf":[],"_links":{"self":[{"href":"https:\/\/www.nivalgroup.com\/de\/wp-json\/wp\/v2\/pages\/818","targetHints":{"allow":["GET"]}}],"collection":[{"href":"https:\/\/www.nivalgroup.com\/de\/wp-json\/wp\/v2\/pages"}],"about":[{"href":"https:\/\/www.nivalgroup.com\/de\/wp-json\/wp\/v2\/types\/page"}],"author":[{"embeddable":true,"href":"https:\/\/www.nivalgroup.com\/de\/wp-json\/wp\/v2\/users\/2"}],"replies":[{"embeddable":true,"href":"https:\/\/www.nivalgroup.com\/de\/wp-json\/wp\/v2\/comments?post=818"}],"version-history":[{"count":0,"href":"https:\/\/www.nivalgroup.com\/de\/wp-json\/wp\/v2\/pages\/818\/revisions"}],"up":[{"embeddable":true,"href":"https:\/\/www.nivalgroup.com\/de\/wp-json\/wp\/v2\/pages\/848"}],"wp:attachment":[{"href":"https:\/\/www.nivalgroup.com\/de\/wp-json\/wp\/v2\/media?parent=818"}],"curies":[{"name":"wp","href":"https:\/\/api.w.org\/{rel}","templated":true}]}}