{"id":824,"date":"2018-09-23T00:16:53","date_gmt":"2018-09-22T22:16:53","guid":{"rendered":"https:\/\/www.nivalgroup.com\/contatti\/"},"modified":"2021-03-19T16:37:08","modified_gmt":"2021-03-19T15:37:08","slug":"kontakt","status":"publish","type":"page","link":"https:\/\/www.nivalgroup.com\/de\/kontakt\/","title":{"rendered":"Kontakt"},"content":{"rendered":"<p>Senden Sie Ihre Anfrage an unser Team, das Ihnen die am besten geeignete L\u00f6sung f\u00fcr Ihre Gesch\u00e4ftsanforderungen vorschl\u00e4gt.<\/p>\n","protected":false},"excerpt":{"rendered":"<p>Senden Sie Ihre Anfrage an unser Team, das Ihnen die am besten geeignete L\u00f6sung f\u00fcr Ihre Gesch\u00e4ftsanforderungen vorschl\u00e4gt.<\/p>\n","protected":false},"author":2,"featured_media":0,"parent":0,"menu_order":0,"comment_status":"closed","ping_status":"closed","template":"template-contatti.php","meta":{"_acf_changed":false,"footnotes":""},"class_list":["post-824","page","type-page","status-publish","hentry","entry","no-media"],"acf":[],"_links":{"self":[{"href":"https:\/\/www.nivalgroup.com\/de\/wp-json\/wp\/v2\/pages\/824","targetHints":{"allow":["GET"]}}],"collection":[{"href":"https:\/\/www.nivalgroup.com\/de\/wp-json\/wp\/v2\/pages"}],"about":[{"href":"https:\/\/www.nivalgroup.com\/de\/wp-json\/wp\/v2\/types\/page"}],"author":[{"embeddable":true,"href":"https:\/\/www.nivalgroup.com\/de\/wp-json\/wp\/v2\/users\/2"}],"replies":[{"embeddable":true,"href":"https:\/\/www.nivalgroup.com\/de\/wp-json\/wp\/v2\/comments?post=824"}],"version-history":[{"count":0,"href":"https:\/\/www.nivalgroup.com\/de\/wp-json\/wp\/v2\/pages\/824\/revisions"}],"wp:attachment":[{"href":"https:\/\/www.nivalgroup.com\/de\/wp-json\/wp\/v2\/media?parent=824"}],"curies":[{"name":"wp","href":"https:\/\/api.w.org\/{rel}","templated":true}]}}